{"id":120,"date":"2024-03-14T14:01:28","date_gmt":"2024-03-14T14:01:28","guid":{"rendered":"https:\/\/buchhaltung-jentzsch.wh56.host-rack.com\/?page_id=120"},"modified":"2025-01-09T21:24:23","modified_gmt":"2025-01-09T21:24:23","slug":"kontakt","status":"publish","type":"page","link":"https:\/\/www.buchhaltung-jentzsch.de\/?page_id=120","title":{"rendered":"Kontakt"},"content":{"rendered":"<section class=\"bde-section-120-100 bde-section\">\n  \n  \n\t\n\n\n\n<div class=\"section-container\"><div class=\"bde-div-120-101 bde-div\">\n  \n  \n\t\n\n\n\n<div class=\"bde-text-120-102 bde-text\" data-entrance=\"fade\">\nMein<br>Kontakt\n<\/div><div class=\"bde-text-120-103 bde-text\" data-entrance=\"fade\">\nWenn Sie Fragen haben, oder Informationen ben\u00f6tigen, <br>\u00a0z\u00f6gern Sie nicht, uns zu kontaktieren. Wir sind bestrebt,  Ihnen schnell zu antworten, um Ihnen weiterzuhelfen.\n<\/div><div class=\"bde-button-120-104 bde-button\" data-entrance=\"fade\">\n    \n                                    \n    \n    \n    \n    \n            \n            <button type=\"button\" class=\"button-atom button-atom--secondary bde-button__button\"  >\n    \n        <span class=\"button-atom__text\">Angebot anfragen <\/span>\n\n        \n        \n            <\/button>\n    \n\n\n<\/div>\n<\/div><div class=\"bde-div-120-105 bde-div\">\n  \n  \n\t\n\n\n\n<div class=\"bde-div-120-106 bde-div\">\n  \n  \n\t\n\n\n\n<div class=\"bde-image-120-107 bde-image\">\n<figure class=\"breakdance-image breakdance-image--88\">\n\t<div class=\"breakdance-image-container\">\n\t\t<div class=\"breakdance-image-clip\"><img loading=\"lazy\" decoding=\"async\" class=\"breakdance-image-object\" src=\"https:\/\/www.buchhaltung-jentzsch.de\/wp-content\/uploads\/2024\/01\/book-icon.png\" width=\"400\" height=\"400\" srcset=\"https:\/\/www.buchhaltung-jentzsch.de\/wp-content\/uploads\/2024\/01\/book-icon.png 400w, https:\/\/www.buchhaltung-jentzsch.de\/wp-content\/uploads\/2024\/01\/book-icon-300x300.png 300w, https:\/\/www.buchhaltung-jentzsch.de\/wp-content\/uploads\/2024\/01\/book-icon-150x150.png 150w\" sizes=\"auto, (max-width: 400px) 100vw, 400px\"><\/div>\n\t<\/div><\/figure>\n\n<\/div>\n<\/div>\n<\/div><div class=\"bde-div-120-108 bde-div\">\n  \n  \n\t\n\n\n\n\n<\/div><\/div>\n<\/section><section class=\"bde-section-120-115 bde-section\">\n  \n  \n\t\n\n\n\n<div class=\"section-container\"><div class=\"bde-div-120-116 bde-div\">\n  \n  \n\t\n\n\n\n<div class=\"bde-div-120-125 bde-div\">\n  \n  \n\t\n\n\n\n<div class=\"bde-div-120-126 bde-div\">\n  \n  \n\t\n\n\n\n<h1 class=\"bde-heading-120-127 bde-heading\">\nWir freuen uns auf Ihre Anfrage\n<\/h1>\n<\/div><div class=\"bde-div-120-128 bde-div\">\n  \n  \n\t\n\n\n\n<div class=\"bde-text-120-129 bde-text\">\nInteressieren Sie sich f\u00fcr unsere Dienstleistungen und m\u00f6chten ein Online-Gespr\u00e4ch f\u00fchren? Kein Problem! Kontaktieren Sie uns einfach \u00fcber unser Kontaktformular, und wir werden uns gerne bei Ihnen melden. Alternativ haben Sie weiter unten auch die M\u00f6glichkeit, einen Termin f\u00fcr ein Online-Gespr\u00e4ch \u00fcber Microsoft Teams zu buchen. Wir freuen uns darauf, mit Ihnen in Kontakt zu treten.\n<\/div>\n<\/div><div class=\"bde-div-120-131 bde-div\">\n  \n  \n\t\n\n\n\n<div class=\"bde-grid-120-133 bde-grid\">\n  \n  \n\t\n\n\n\n<div class=\"bde-div-120-134 bde-div\">\n  \n  \n\t\n\n\n\n<div class=\"bde-columns-120-136 bde-columns\"><div class=\"bde-column-120-137 bde-column\">\n  \n  \n\t\n\n\n\n<div class=\"bde-icon-120-139 bde-icon\">\n\n    \n            <div class=\"bde-icon-icon breakdance-icon-atom\" >\n    \n                    <svg xmlns=\"http:\/\/www.w3.org\/2000\/svg\" id=\"icon-phone\" viewBox=\"0 0 32 32\">\n<path d=\"M22 20c-2 2-2 4-4 4s-4-2-6-4-4-4-4-6 2-2 4-4-4-8-6-8-6 6-6 6c0 4 4.109 12.109 8 16s12 8 16 8c0 0 6-4 6-6s-6-8-8-6z\"\/>\n<\/svg>\n        \n        \n        \n            <\/div>\n    \n\n\n<\/div>\n<\/div><div class=\"bde-column-120-138 bde-column\">\n  \n  \n\t\n\n\n\n<h1 class=\"bde-heading-120-141 bde-heading\">\nper Anruf\n<\/h1><div class=\"bde-text-120-140 bde-text\">\n0170 \/ 5533579\n<\/div>\n<\/div><\/div>\n<\/div><div class=\"bde-div-120-135 bde-div\">\n  \n  \n\t\n\n\n\n<div class=\"bde-columns-120-146 bde-columns\"><div class=\"bde-column-120-147 bde-column\">\n  \n  \n\t\n\n\n\n<div class=\"bde-icon-120-148 bde-icon\">\n\n    \n            <div class=\"bde-icon-icon breakdance-icon-atom\" >\n    \n                    <svg xmlns=\"http:\/\/www.w3.org\/2000\/svg\" viewBox=\"0 0 512 512\"><!-- Font Awesome Free 5.15.1 by @fontawesome - https:\/\/fontawesome.com License - https:\/\/fontawesome.com\/license\/free (Icons: CC BY 4.0, Fonts: SIL OFL 1.1, Code: MIT License) --><path d=\"M476 3.2L12.5 270.6c-18.1 10.4-15.8 35.6 2.2 43.2L121 358.4l287.3-253.2c5.5-4.9 13.3 2.6 8.6 8.3L176 407v80.5c0 23.6 28.5 32.9 42.5 15.8L282 426l124.6 52.2c14.2 6 30.4-2.9 33-18.2l72-432C515 7.8 493.3-6.8 476 3.2z\"\/><\/svg>\n        \n        \n        \n            <\/div>\n    \n\n\n<\/div>\n<\/div><div class=\"bde-column-120-149 bde-column\">\n  \n  \n\t\n\n\n\n<h1 class=\"bde-heading-120-150 bde-heading\">\nper Mail\n<\/h1><div class=\"bde-text-120-151 bde-text\">\ninfo@buchhaltung-jentzsch.de\n<\/div>\n<\/div><\/div>\n<\/div>\n<\/div>\n<\/div>\n<\/div><div class=\"bde-columns-120-117 bde-columns\"><div class=\"bde-column-120-118 bde-column\">\n  \n  \n\t\n\n\n\n<div class=\"bde-div-120-121 bde-div\">\n  \n  \n\t\n\n\n\n<h1 class=\"bde-heading-120-122 bde-heading\" data-entrance=\"slideUp\">\nKontaktformular\n<\/h1><div class=\"bde-div-120-123 bde-div\">\n  \n  \n\t\n\n\n\n<div class=\"bde-form-builder-120-130 bde-form-builder\">\n\n\n<form id=\"contact-form130\" class=\"breakdance-form breakdance-form--vertical \" data-options=\"{&quot;slug&quot;:&quot;custom&quot;,&quot;name&quot;:&quot;Contact Form&quot;,&quot;ajaxUrl&quot;:&quot;https:\\\/\\\/www.buchhaltung-jentzsch.de\\\/wp-admin\\\/admin-ajax.php&quot;,&quot;clearOnSuccess&quot;:true,&quot;hideOnSuccess&quot;:false,&quot;successMessage&quot;:&quot;Vielen dank f\\u00fcr Ihre Nachricht. &quot;,&quot;errorMessage&quot;:&quot;Es gab einen Fehler!&quot;,&quot;redirect&quot;:false,&quot;redirectUrl&quot;:&quot;&quot;,&quot;customJavaScript&quot;:&quot;&quot;,&quot;recaptcha&quot;:{&quot;key&quot;:&quot;&quot;,&quot;enabled&quot;:false},&quot;honeypot_enabled&quot;:false,&quot;popupsOnSuccess&quot;:[],&quot;popupsOnError&quot;:[]}\" data-steps=\"0\" >\n  \n  \n  \n<div class=\"breakdance-form-field breakdance-form-field--text\" >\n    \n    \n            <label class=\"breakdance-form-field__label\" for=\"name\">\n            Name<span class=\"breakdance-form-field__required\">*<\/span>\n        <\/label>\n    \n    <input\n    class=\"breakdance-form-field__input\"\n    id=\"name\"\n    aria-describedby=\"name\"\n    type=\"text\"\n    name=\"fields[name]\"\n    placeholder=\"\"\n    value=\"\"\n                \n        \n        \n    required\n    \n    \n>\n\n\n    \n    \n<\/div>\n\n\n<div class=\"breakdance-form-field breakdance-form-field--email\" >\n    \n    \n            <label class=\"breakdance-form-field__label\" for=\"email\">\n            Email<span class=\"breakdance-form-field__required\">*<\/span>\n        <\/label>\n    \n    <input\n    class=\"breakdance-form-field__input\"\n    id=\"email\"\n    aria-describedby=\"email\"\n    type=\"email\"\n    name=\"fields[email]\"\n    placeholder=\"\"\n    value=\"\"\n                \n        \n        \n    required\n    \n    \n>\n\n\n    \n    \n<\/div>\n\n\n<div class=\"breakdance-form-field breakdance-form-field--text\" >\n    \n    \n            <label class=\"breakdance-form-field__label\" for=\"mktxxf\">\n            Rufnummer f\u00fcr R\u00fcckruf\n        <\/label>\n    \n    <input\n    class=\"breakdance-form-field__input\"\n    id=\"mktxxf\"\n    aria-describedby=\"mktxxf\"\n    type=\"text\"\n    name=\"fields[mktxxf]\"\n    placeholder=\"\"\n    value=\"\"\n                \n        \n        \n    \n    \n    \n>\n\n\n    \n    \n<\/div>\n\n\n<div class=\"breakdance-form-field breakdance-form-field--time\" >\n    \n    \n            <label class=\"breakdance-form-field__label\" for=\"dkmoxd\">\n            R\u00fcckruf Zeitpunkt\n        <\/label>\n    \n    <input\n    class=\"breakdance-form-field__input\"\n    id=\"dkmoxd\"\n    aria-describedby=\"dkmoxd\"\n    type=\"time\"\n    name=\"fields[dkmoxd]\"\n    placeholder=\"\"\n    value=\"\"\n                \n        \n        \n    \n    \n    \n>\n\n\n    \n    \n<\/div>\n\n\n<div class=\"breakdance-form-field breakdance-form-field--select\" >\n    \n    \n            <label class=\"breakdance-form-field__label\" for=\"csdien\">\n            Ihr Anliegen\n        <\/label>\n    \n    <select\n    class=\"breakdance-form-field__input\"\n    id=\"csdien\"\n    name=\"fields[csdien]\"\n    \n    \n        >\n      <option value=\"\">Select...<\/option>\n          <option value=\"Erst Gespr\u00e4ch\" selected>Erst Gespr\u00e4ch<\/option>\n        <option value=\"Finanzbuchhaltung\" >Finanzbuchhaltung<\/option>\n        <option value=\"Gr\u00fcndung\" >Gr\u00fcndung<\/option>\n        <option value=\"Lohn-Gehaltsbuchhaltung\" >Lohn-Gehaltsbuchhaltung<\/option>\n  <\/select>\n\n\n    \n    \n<\/div>\n\n\n<div class=\"breakdance-form-field breakdance-form-field--textarea\" >\n    \n    \n            <label class=\"breakdance-form-field__label\" for=\"message\">\n            Nachricht<span class=\"breakdance-form-field__required\">*<\/span>\n        <\/label>\n    \n    <textarea\n    class=\"breakdance-form-field__input\"\n    id=\"message\"\n    aria-describedby=\"message\"\n    type=\"textarea\"\n    name=\"fields[message]\"\n        placeholder=\"\"\n    required\n    >\n<\/textarea>\n\n\n    \n    \n<\/div>\n\n\n<div class=\"breakdance-form-field breakdance-form-field--checkbox\" >\n    \n    \n    \n    <fieldset role=\"group\"\n    aria-label=\"Datenschutzerkl\u00e4rung\"\n    >\n       <legend class=\"breakdance-form-field__label\">Datenschutzerkl\u00e4rung<span class=\"breakdance-form-field__required\">*<\/span><\/legend>\n          <div class=\"breakdance-form-checkbox\">\n          <input\n              type=\"checkbox\"\n              name=\"fields[hdbqka]\"\n              value=\"Ich stimme der Datenschutzerkl\u00e4rung zu\"\n              id=\"hdbqka-1\"\n              \n                        >\n          <label class=\"breakdance-form-checkbox__text\" for=\"hdbqka-1\">Ich stimme der Datenschutzerkl\u00e4rung zu<\/label>\n      <\/div>\n  <\/fieldset>\n\n\n\n    \n    \n<\/div>\n\n\n  \n\n<div class=\"breakdance-form-field breakdance-form-footer\">\n    \n    \n                                    \n    \n    \n    \n    \n            \n            <button type=\"submit\" class=\"button-atom button-atom--primary breakdance-form-button breakdance-form-button__submit\"  >\n    \n        <span class=\"button-atom__text\">Senden<\/span>\n\n        \n        \n            <\/button>\n    \n    <input type=\"hidden\" name=\"form_id\" value=\"130\">\n    <input type=\"hidden\" name=\"post_id\" value=\"120\">\n<\/div>\n\n  \n<\/form>\n\n\n\n<\/div>\n<\/div>\n<\/div>\n<\/div><div class=\"bde-column-120-120 bde-column\">\n  \n  \n\t\n\n\n\n<div class=\"bde-div-120-119 bde-div\">\n  \n  \n\t\n\n\n\n\n<\/div>\n<\/div><\/div>\n<\/div><\/div>\n<\/section><section class=\"bde-section-120-109 bde-section\">\n  \n  \n\t\n\n\n\n<div class=\"section-container\"><div class=\"bde-div-120-110 bde-div\">\n  \n  \n\t\n\n\n\n<div class=\"bde-div-120-111 bde-div\">\n  \n  \n\t\n\n\n\n<h1 class=\"bde-heading-120-112 bde-heading\" data-entrance=\"slideUp\">\nInteressiert an einem Kennenlerngespr\u00e4ch \u00fcber Microsoft Teams? Buchen Sie jetzt Ihren Termin online! Wir sind bereit, Ihre Fragen zu beantworten und Ihnen unser Angebot n\u00e4herzubringen.\n<\/h1>\n<\/div>\n<\/div><div class=\"bde-div-120-113 bde-div\">\n  \n  \n\t\n\n\n\n<div class=\"bde-button-120-114 bde-button\" data-entrance=\"slideUp\">\n    \n                                    \n    \n    \n    \n    \n            \n                    \n            \n            \n\n    \n    \n    \n    \n    \n    <a class=\"breakdance-link button-atom button-atom--primary bde-button__button\" href=\"https:\/\/calendly.com\/buchhaltung-jentzsch\/kennenlern-gesprach\" target=\"_blank\" data-type=\"url\"  >\n\n    \n        <span class=\"button-atom__text\">Online Termin buchen<\/span>\n\n        \n        \n                <\/a>\n\n    \n\n\n<\/div>\n<\/div><\/div>\n<\/section>","protected":false},"excerpt":{"rendered":"<p>MeinKontakt Wenn Sie Fragen haben, oder Informationen ben\u00f6tigen, \u00a0z\u00f6gern Sie nicht, uns zu kontaktieren. Wir sind bestrebt, Ihnen schnell zu antworten, um Ihnen weiterzuhelfen. Angebot anfragen Wir freuen uns auf Ihre Anfrage Interessieren Sie sich f\u00fcr unsere Dienstleistungen und m\u00f6chten ein Online-Gespr\u00e4ch f\u00fchren? Kein Problem! Kontaktieren Sie uns einfach \u00fcber unser Kontaktformular, und wir werden [&hellip;]<\/p>\n","protected":false},"author":2,"featured_media":0,"parent":0,"menu_order":0,"comment_status":"closed","ping_status":"closed","template":"","meta":{"_breakdance_hide_in_design_set":false,"_breakdance_tags":"","footnotes":""},"class_list":["post-120","page","type-page","status-publish","hentry"],"_links":{"self":[{"href":"https:\/\/www.buchhaltung-jentzsch.de\/index.php?rest_route=\/wp\/v2\/pages\/120","targetHints":{"allow":["GET"]}}],"collection":[{"href":"https:\/\/www.buchhaltung-jentzsch.de\/index.php?rest_route=\/wp\/v2\/pages"}],"about":[{"href":"https:\/\/www.buchhaltung-jentzsch.de\/index.php?rest_route=\/wp\/v2\/types\/page"}],"author":[{"embeddable":true,"href":"https:\/\/www.buchhaltung-jentzsch.de\/index.php?rest_route=\/wp\/v2\/users\/2"}],"replies":[{"embeddable":true,"href":"https:\/\/www.buchhaltung-jentzsch.de\/index.php?rest_route=%2Fwp%2Fv2%2Fcomments&post=120"}],"version-history":[{"count":9,"href":"https:\/\/www.buchhaltung-jentzsch.de\/index.php?rest_route=\/wp\/v2\/pages\/120\/revisions"}],"predecessor-version":[{"id":254,"href":"https:\/\/www.buchhaltung-jentzsch.de\/index.php?rest_route=\/wp\/v2\/pages\/120\/revisions\/254"}],"wp:attachment":[{"href":"https:\/\/www.buchhaltung-jentzsch.de\/index.php?rest_route=%2Fwp%2Fv2%2Fmedia&parent=120"}],"curies":[{"name":"wp","href":"https:\/\/api.w.org\/{rel}","templated":true}]}}