{"id":122,"date":"2024-03-14T14:02:32","date_gmt":"2024-03-14T14:02:32","guid":{"rendered":"https:\/\/buchhaltung-jentzsch.wh56.host-rack.com\/?page_id=122"},"modified":"2024-06-14T11:26:22","modified_gmt":"2024-06-14T11:26:22","slug":"fianzbuchhaltung","status":"publish","type":"page","link":"https:\/\/www.buchhaltung-jentzsch.de\/?page_id=122","title":{"rendered":"Fianzbuchhaltung"},"content":{"rendered":"<section class=\"bde-section-122-100 bde-section\">\n  \n  \n\t\n\n\n\n<div class=\"section-container\"><div class=\"bde-div-122-101 bde-div\">\n  \n  \n\t\n\n\n\n<div class=\"bde-text-122-102 bde-text\" data-entrance=\"fade\">\nMeine<br>Finanzen\n<\/div><div class=\"bde-text-122-103 bde-text\" data-entrance=\"fade\">\nProfitieren Sie von einer effizienten <br>Finanzbuchhaltung und nutzen Sie die <br>Vorteile einer Zusammenarbeit mit unserem professionellen Buchhaltungsservice\n<\/div><div class=\"bde-button-122-104 bde-button\" data-entrance=\"fade\">\n    \n                                    \n    \n    \n    \n    \n            \n                    \n            \n            \n\n    \n    \n    \n    \n    \n    <a class=\"breakdance-link button-atom button-atom--secondary bde-button__button\" href=\"https:\/\/www.buchhaltung-jentzsch.de\/?page_id=120\" target=\"_self\" data-type=\"url\"  >\n\n    \n        <span class=\"button-atom__text\">Angebot anfragen <\/span>\n\n        \n        \n                <\/a>\n\n    \n\n\n<\/div>\n<\/div><div class=\"bde-div-122-105 bde-div\">\n  \n  \n\t\n\n\n\n<div class=\"bde-div-122-106 bde-div\">\n  \n  \n\t\n\n\n\n<div class=\"bde-image-122-107 bde-image\">\n<figure class=\"breakdance-image breakdance-image--88\">\n\t<div class=\"breakdance-image-container\">\n\t\t<div class=\"breakdance-image-clip\"><img loading=\"lazy\" decoding=\"async\" class=\"breakdance-image-object\" src=\"https:\/\/www.buchhaltung-jentzsch.de\/wp-content\/uploads\/2024\/01\/book-icon.png\" width=\"400\" height=\"400\" srcset=\"https:\/\/www.buchhaltung-jentzsch.de\/wp-content\/uploads\/2024\/01\/book-icon.png 400w, https:\/\/www.buchhaltung-jentzsch.de\/wp-content\/uploads\/2024\/01\/book-icon-300x300.png 300w, https:\/\/www.buchhaltung-jentzsch.de\/wp-content\/uploads\/2024\/01\/book-icon-150x150.png 150w\" sizes=\"auto, (max-width: 400px) 100vw, 400px\"><\/div>\n\t<\/div><\/figure>\n\n<\/div>\n<\/div>\n<\/div><div class=\"bde-div-122-108 bde-div\">\n  \n  \n\t\n\n\n\n\n<\/div><\/div>\n<\/section><section class=\"bde-section-122-129 bde-section\">\n  \n  \n\t\n\n\n\n<div class=\"section-container\"><div class=\"bde-div-122-177 bde-div\">\n  \n  \n\t\n\n\n\n<div class=\"bde-columns-122-178 bde-columns\"><div class=\"bde-column-122-181 bde-column\">\n  \n  \n\t\n\n\n\n<div class=\"bde-div-122-182 bde-div\">\n  \n  \n\t\n\n\n\n<h1 class=\"bde-heading-122-183 bde-heading\" data-entrance=\"slideUp\">\nUmfassender Finanzbuchhaltung f\u00fcr  Unternehmer\n<\/h1>\n<\/div><div class=\"bde-div-122-184 bde-div\">\n  \n  \n\t\n\n\n\n<div class=\"bde-text-122-185 bde-text\" data-entrance=\"slideUp\">\n Mit unserem schnellen, fairen, preisschonenden und umfangreichen Buchhaltungsservice k\u00f6nnen Sie Ihre Buchhaltung* auslagern, Personalkosten senken und Ihre Mitarbeiter produktiver einsetzen. Viele Firmeninhaber sind unsicher, wenn es um Zahlen, Rechnungen und  Buchungen geht. Das ist verst\u00e4ndlich, und es geht Millionen von Menschen so. Es gibt Menschen, die lieben das Spiel mit den Zahlen und haben - wie wir - eine Leidenschaft daf\u00fcr. <br><br>Dann haben wir die L\u00f6sung f\u00fcr Sie, um Ihre Kosten und Zeiten optimal zu nutzen. Mit uns als Ihrem externen Buchhaltungsservice.\n<\/div>\n<\/div>\n<\/div><div class=\"bde-column-122-179 bde-column\">\n  \n  \n\t\n\n\n\n<div class=\"bde-div-122-180 bde-div\">\n  \n  \n\t\n\n\n\n\n<\/div>\n<\/div><\/div><div class=\"bde-div-122-186 bde-div\">\n  \n  \n\t\n\n\n\n<div class=\"bde-div-122-187 bde-div\">\n  \n  \n\t\n\n\n\n<h1 class=\"bde-heading-122-188 bde-heading\" data-entrance=\"slideUp\">\nWas macht eigentlich ein Buchhalter und ein Buchhaltungsservice?\u200b\n<\/h1>\n<\/div><div class=\"bde-div-122-189 bde-div\">\n  \n  \n\t\n\n\n\n<div class=\"bde-text-122-190 bde-text\" data-entrance=\"slideUp\">\nDie Aufgaben eines Buchhalters sind umfangreich und sehr vielf\u00e4ltig. Sie haben einen vollst\u00e4ndigen \u00dcberblick \u00fcber alle Kosten, Einnahmen, Ausgaben und Rechnungen, die in der Gesch\u00e4ftsbuchhaltung* anfallen. Alle Gesch\u00e4ftsvorf\u00e4lle, die im Laufe eines Jahres anfallen, werden aufbereitet, um am Ende des Jahres den Betrieb abschlie\u00dfen zu k\u00f6nnen. Ein weiterer wichtiger Teil ist die Finanz- und Bilanzbuchhaltung*, mit der eine kontrollierende Erfassung aller Gesch\u00e4ftsvorg\u00e4nge erfolgt. Die Buchhaltung ist die Grundlage f\u00fcr das weitere Vorgehen. Der Buchhalter erh\u00e4lt alle Informationen aus dem Kassenbuch und anderen wichtigen Unterlagen. Die Berufsbezeichnung des Buchhalters ist nicht gesch\u00fctzt. Eine kaufm\u00e4nnische Ausbildung ist demnach ausreichend.\n<\/div>\n<\/div>\n<\/div>\n<\/div><\/div>\n<\/section><section class=\"bde-section-122-145 bde-section\">\n  \n  \n\t\n\n\n\n<div class=\"section-container\"><div class=\"bde-div-122-130 bde-div\">\n  \n  \n\t\n\n\n\n<div class=\"bde-columns-122-131 bde-columns\"><div class=\"bde-column-122-132 bde-column\">\n  \n  \n\t\n\n\n\n<div class=\"bde-div-122-133 bde-div\">\n  \n  \n\t\n\n\n\n\n<\/div>\n<\/div><div class=\"bde-column-122-134 bde-column\">\n  \n  \n\t\n\n\n\n<div class=\"bde-div-122-135 bde-div\">\n  \n  \n\t\n\n\n\n<h1 class=\"bde-heading-122-136 bde-heading\" data-entrance=\"slideUp\">\nWelche Vorteile bieten wir als Ihr Buchhalter?\n<\/h1>\n<\/div><div class=\"bde-div-122-137 bde-div\">\n  \n  \n\t\n\n\n\n<div class=\"bde-text-122-138 bde-text\" data-entrance=\"slideUp\">\nDurch die Auslagerung Ihrer Finanzbuchhaltung an erfahrene Experten wie uns k\u00f6nnen Sie nicht nur Zeit und Ressourcen sparen, sondern auch sicherstellen, dass alle Fristen und rechtlichen Anforderungen eingehalten werden. Unsere absolute Geheimhaltung gew\u00e4hrleistet dabei die Vertraulichkeit Ihrer sensiblen Daten.<br><br>Indem wir uns um Ihre Finanzbuchhaltung k\u00fcmmern, k\u00f6nnen Sie Ihre Mitarbeiter effektiver und produktiver in anderen Bereichen einsetzen, was zu einer optimierten Arbeitsleistung und einem gesteigerten Unternehmenserfolg f\u00fchrt. Unser Team steht Ihnen jederzeit als kompetenter Ansprechpartner zur Verf\u00fcgung, selbst bei schwierigen und komplexen Fragen.<br>\n<\/div>\n<\/div>\n<\/div><\/div><div class=\"bde-div-122-191 bde-div\">\n  \n  \n\t\n\n\n\n<div class=\"bde-div-122-147 bde-div\">\n  \n  \n\t\n\n\n\n<h1 class=\"bde-heading-122-148 bde-heading\">\nIhre Vorteile auf dem Punkt, durch unseren professionellen Finanzbuchhaltungsservice\n<\/h1>\n<\/div>\n<\/div><div class=\"bde-grid-122-146 bde-grid\">\n  \n  \n\t\n\n\n\n<div class=\"bde-div-122-149 bde-div\">\n  \n  \n\t\n\n\n\n<div class=\"bde-div-122-150 bde-div\">\n  \n  \n\t\n\n\n\n<h1 class=\"bde-heading-122-151 bde-heading\">\n\u2713 Sie sparen Personal-, Schulungs- und Arbeitsplatzkosten.\n<\/h1>\n<\/div><div class=\"bde-div-122-153 bde-div\">\n  \n  \n\t\n\n\n\n<h1 class=\"bde-heading-122-154 bde-heading\">\n\u2713 Sie k\u00f6nnen Ihre Mitarbeiter effektiver und produktiver einsetzen.\n<\/h1>\n<\/div><div class=\"bde-div-122-156 bde-div\">\n  \n  \n\t\n\n\n\n<h1 class=\"bde-heading-122-157 bde-heading\">\n\u2713 Mehr Zeit f\u00fcr Ihr Unternehmen, Ihre Gesch\u00e4ftsentwicklung und Ihre Familie.\n<\/h1>\n<\/div><div class=\"bde-div-122-159 bde-div\">\n  \n  \n\t\n\n\n\n<h1 class=\"bde-heading-122-160 bde-heading\">\n\u2713 Ihr Ansprechpartner, auch bei schwierigen und komplexen Fragen. Rufen Sie uns einfach an oder \u00a0 <br>\u00a0 \u00a0 schreiben Sie uns eine Nachricht.\u200b\n<\/h1>\n<\/div><div class=\"bde-div-122-162 bde-div\">\n  \n  \n\t\n\n\n\n<h1 class=\"bde-heading-122-163 bde-heading\">\n\u2713 Alle Dokumente und Daten bleiben in Deutschland, GOBD-konform.\n<\/h1>\n<\/div><div class=\"bde-div-122-173 bde-div\">\n  \n  \n\t\n\n\n\n<h1 class=\"bde-heading-122-174 bde-heading\">\n\u2713 Wir sind Experten auf dem Gebiet der Rechnungslegung und daher hochprofessionell.\u200b\n<\/h1>\n<\/div><div class=\"bde-div-122-171 bde-div\">\n  \n  \n\t\n\n\n\n<h1 class=\"bde-heading-122-172 bde-heading\">\n\u2713 Alle Dokumente und Daten bleiben in Deutschland, GOBD-konform.\n<\/h1>\n<\/div><div class=\"bde-div-122-169 bde-div\">\n  \n  \n\t\n\n\n\n<h1 class=\"bde-heading-122-170 bde-heading\">\n\u2713 Sie verpassen keine Fristen - wir sind immer f\u00fcr Sie da.\n<\/h1>\n<\/div><div class=\"bde-div-122-167 bde-div\">\n  \n  \n\t\n\n\n\n<h1 class=\"bde-heading-122-168 bde-heading\">\n\u2713 Absolute Geheimhaltung.\u200b\n<\/h1>\n<\/div><div class=\"bde-div-122-165 bde-div\">\n  \n  \n\t\n\n\n\n<h1 class=\"bde-heading-122-166 bde-heading\">\n\u2713 Hochprofessionelle Werkzeuge und Software.\u200b\n<\/h1>\n<\/div><div class=\"bde-div-122-175 bde-div\">\n  \n  \n\t\n\n\n\n<h1 class=\"bde-heading-122-176 bde-heading\">\n\u2713\u00a0Alle Dokumente werden sortiert und entsprechend den Anforderungen aufbereitet.\u200b\n<\/h1>\n<\/div>\n<\/div>\n<\/div>\n<\/div><\/div>\n<\/section><section class=\"bde-section-122-196 bde-section\">\n  \n  \n\t\n\n\n\n<div class=\"section-container\"><div class=\"bde-div-122-197 bde-div\">\n  \n  \n\t\n\n\n\n<div class=\"bde-div-122-198 bde-div\">\n  \n  \n\t\n\n\n\n<h1 class=\"bde-heading-122-199 bde-heading\" data-entrance=\"slideUp\">\nBei Fragen zu unserem Service stehen wir Ihnen gerne zur Verf\u00fcgung und beantworten diese sehr gern. \n<\/h1>\n<\/div>\n<\/div><div class=\"bde-div-122-202 bde-div\">\n  \n  \n\t\n\n\n\n<div class=\"bde-button-122-203 bde-button\" data-entrance=\"slideUp\">\n    \n                                    \n    \n    \n    \n    \n            \n                    \n            \n            \n\n    \n    \n    \n    \n    \n    <a class=\"breakdance-link button-atom button-atom--primary bde-button__button\" href=\"https:\/\/www.buchhaltung-jentzsch.de\/?page_id=120\" target=\"_self\" data-type=\"url\"  >\n\n    \n        <span class=\"button-atom__text\">Kontakt mit uns<\/span>\n\n        \n        \n                <\/a>\n\n    \n\n\n<\/div>\n<\/div><\/div>\n<\/section>","protected":false},"excerpt":{"rendered":"<p>MeineFinanzen Profitieren Sie von einer effizienten Finanzbuchhaltung und nutzen Sie die Vorteile einer Zusammenarbeit mit unserem professionellen Buchhaltungsservice Angebot anfragen Umfassender Finanzbuchhaltung f\u00fcr Unternehmer Mit unserem schnellen, fairen, preisschonenden und umfangreichen Buchhaltungsservice k\u00f6nnen Sie Ihre Buchhaltung* auslagern, Personalkosten senken und Ihre Mitarbeiter produktiver einsetzen. Viele Firmeninhaber sind unsicher, wenn es um Zahlen, Rechnungen und Buchungen [&hellip;]<\/p>\n","protected":false},"author":2,"featured_media":0,"parent":0,"menu_order":0,"comment_status":"closed","ping_status":"closed","template":"","meta":{"_breakdance_hide_in_design_set":false,"_breakdance_tags":"","footnotes":""},"class_list":["post-122","page","type-page","status-publish","hentry"],"_links":{"self":[{"href":"https:\/\/www.buchhaltung-jentzsch.de\/index.php?rest_route=\/wp\/v2\/pages\/122","targetHints":{"allow":["GET"]}}],"collection":[{"href":"https:\/\/www.buchhaltung-jentzsch.de\/index.php?rest_route=\/wp\/v2\/pages"}],"about":[{"href":"https:\/\/www.buchhaltung-jentzsch.de\/index.php?rest_route=\/wp\/v2\/types\/page"}],"author":[{"embeddable":true,"href":"https:\/\/www.buchhaltung-jentzsch.de\/index.php?rest_route=\/wp\/v2\/users\/2"}],"replies":[{"embeddable":true,"href":"https:\/\/www.buchhaltung-jentzsch.de\/index.php?rest_route=%2Fwp%2Fv2%2Fcomments&post=122"}],"version-history":[{"count":8,"href":"https:\/\/www.buchhaltung-jentzsch.de\/index.php?rest_route=\/wp\/v2\/pages\/122\/revisions"}],"predecessor-version":[{"id":197,"href":"https:\/\/www.buchhaltung-jentzsch.de\/index.php?rest_route=\/wp\/v2\/pages\/122\/revisions\/197"}],"wp:attachment":[{"href":"https:\/\/www.buchhaltung-jentzsch.de\/index.php?rest_route=%2Fwp%2Fv2%2Fmedia&parent=122"}],"curies":[{"name":"wp","href":"https:\/\/api.w.org\/{rel}","templated":true}]}}