{"id":128,"date":"2024-03-14T14:05:03","date_gmt":"2024-03-14T14:05:03","guid":{"rendered":"https:\/\/buchhaltung-jentzsch.wh56.host-rack.com\/?page_id=128"},"modified":"2024-05-03T06:48:08","modified_gmt":"2024-05-03T06:48:08","slug":"it-und-setup-service","status":"publish","type":"page","link":"https:\/\/www.buchhaltung-jentzsch.de\/?page_id=128","title":{"rendered":"IT und Setup-Service"},"content":{"rendered":"<section class=\"bde-section-128-100 bde-section\">\n  \n  \n\t\n\n\n\n<div class=\"section-container\"><div class=\"bde-div-128-101 bde-div\">\n  \n  \n\t\n\n\n\n<div class=\"bde-text-128-102 bde-text\" data-entrance=\"fade\">\nMeine<br>IT-Systeme\n<\/div><div class=\"bde-text-128-103 bde-text\" data-entrance=\"fade\">\nUnser IT- und Software-Service f\u00fcr die  beinhaltet auch die einrichtung von  Software und die Konfiguration von Schnittstellen, f\u00fcr  nahtlose Arbeitsabl\u00e4ufe.\n<\/div><div class=\"bde-button-128-104 bde-button\" data-entrance=\"fade\">\n    \n                                    \n    \n    \n    \n    \n            \n                    \n            \n            \n\n    \n    \n    \n    \n    \n    <a class=\"breakdance-link button-atom button-atom--secondary bde-button__button\" href=\"https:\/\/www.buchhaltung-jentzsch.de\/?page_id=120\" target=\"_self\" data-type=\"url\"  >\n\n    \n        <span class=\"button-atom__text\">Angebot anfragen <\/span>\n\n        \n        \n                <\/a>\n\n    \n\n\n<\/div>\n<\/div><div class=\"bde-div-128-105 bde-div\">\n  \n  \n\t\n\n\n\n<div class=\"bde-div-128-106 bde-div\">\n  \n  \n\t\n\n\n\n<div class=\"bde-image-128-107 bde-image\">\n<figure class=\"breakdance-image breakdance-image--88\">\n\t<div class=\"breakdance-image-container\">\n\t\t<div class=\"breakdance-image-clip\"><img loading=\"lazy\" decoding=\"async\" class=\"breakdance-image-object\" src=\"https:\/\/www.buchhaltung-jentzsch.de\/wp-content\/uploads\/2024\/01\/book-icon.png\" width=\"400\" height=\"400\" srcset=\"https:\/\/www.buchhaltung-jentzsch.de\/wp-content\/uploads\/2024\/01\/book-icon.png 400w, https:\/\/www.buchhaltung-jentzsch.de\/wp-content\/uploads\/2024\/01\/book-icon-300x300.png 300w, https:\/\/www.buchhaltung-jentzsch.de\/wp-content\/uploads\/2024\/01\/book-icon-150x150.png 150w\" sizes=\"auto, (max-width: 400px) 100vw, 400px\"><\/div>\n\t<\/div><\/figure>\n\n<\/div>\n<\/div>\n<\/div><div class=\"bde-div-128-108 bde-div\">\n  \n  \n\t\n\n\n\n\n<\/div><\/div>\n<\/section><section class=\"bde-section-128-109 bde-section\">\n  \n  \n\t\n\n\n\n<div class=\"section-container\"><div class=\"bde-div-128-110 bde-div\">\n  \n  \n\t\n\n\n\n<div class=\"bde-columns-128-111 bde-columns\"><div class=\"bde-column-128-112 bde-column\">\n  \n  \n\t\n\n\n\n<div class=\"bde-div-128-113 bde-div\">\n  \n  \n\t\n\n\n\n<h1 class=\"bde-heading-128-114 bde-heading\" data-entrance=\"slideUp\">\nErhalten Sie unsere hochwertige Software- und IT-Service Hilfe!\n<\/h1>\n<\/div><div class=\"bde-div-128-115 bde-div\">\n  \n  \n\t\n\n\n\n<div class=\"bde-text-128-116 bde-text\" data-entrance=\"slideUp\">\nWenn Sie Probleme mit Ihren Office-Anwendungen haben oder Ihr Buchhaltungsprogramm nicht wie gew\u00fcnscht funktioniert, und die Einrichtung schwieriger ist als erwartet, machen Sie sich keine Sorgen. Wir stehen Ihnen gerne zur Seite und helfen Ihnen in diesen stressigen Situationen. <br><br>Unser Team k\u00fcmmert sich um die Installation, Konfiguration und Optimierung Ihrer Software, damit Sie sich auf Ihre eigentliche Arbeit konzentrieren k\u00f6nnen.\n<\/div>\n<\/div>\n<\/div><div class=\"bde-column-128-117 bde-column\">\n  \n  \n\t\n\n\n\n<div class=\"bde-div-128-118 bde-div\">\n  \n  \n\t\n\n\n\n\n<\/div>\n<\/div><\/div><div class=\"bde-div-128-119 bde-div\">\n  \n  \n\t\n\n\n\n<div class=\"bde-div-128-120 bde-div\">\n  \n  \n\t\n\n\n\n<h1 class=\"bde-heading-128-121 bde-heading\" data-entrance=\"slideUp\">\nEinrichtung von Buchhaltungsprogrammen und kompetente Beratung bei der Suche nach dem richtigen IT-Systemen.\u200b\n<\/h1>\n<\/div><div class=\"bde-div-128-122 bde-div\">\n  \n  \n\t\n\n\n\n<div class=\"bde-text-128-123 bde-text\" data-entrance=\"slideUp\">\nUnser IT- und Software-Service unterst\u00fctzt Sie bei der Auswahl der passenden Software f\u00fcr Ihre Buchhaltung, bietet Einrichtungsdienste f\u00fcr Buchhaltungsprogramme und hilft Ihnen bei der Suche nach dem geeigneten IT-Systemen. Wir stehen Ihnen bei allen IT- und Softwarefragen kompetent zur Seite, um Ihnen ma\u00dfgeschneiderte L\u00f6sungen f\u00fcr Ihr Unternehmen zu bieten.\n<\/div>\n<\/div>\n<\/div>\n<\/div><\/div>\n<\/section><section class=\"bde-section-128-124 bde-section\">\n  \n  \n\t\n\n\n\n<div class=\"section-container\"><div class=\"bde-div-128-125 bde-div\">\n  \n  \n\t\n\n\n\n<div class=\"bde-image-128-126 bde-image\">\n<figure class=\"breakdance-image breakdance-image--158 breakdance-image--caption-overlap\">\n\t<div class=\"breakdance-image-container\">\n\t\t<div class=\"breakdance-image-clip\"><img loading=\"lazy\" decoding=\"async\" class=\"breakdance-image-object\" src=\"https:\/\/www.buchhaltung-jentzsch.de\/wp-content\/uploads\/2024\/03\/hilfe-bei-etsy-und-den-schnittstellen.jpg\" width=\"1400\" height=\"785\" srcset=\"https:\/\/www.buchhaltung-jentzsch.de\/wp-content\/uploads\/2024\/03\/hilfe-bei-etsy-und-den-schnittstellen.jpg 1400w, https:\/\/www.buchhaltung-jentzsch.de\/wp-content\/uploads\/2024\/03\/hilfe-bei-etsy-und-den-schnittstellen-300x168.jpg 300w, https:\/\/www.buchhaltung-jentzsch.de\/wp-content\/uploads\/2024\/03\/hilfe-bei-etsy-und-den-schnittstellen-1024x574.jpg 1024w, https:\/\/www.buchhaltung-jentzsch.de\/wp-content\/uploads\/2024\/03\/hilfe-bei-etsy-und-den-schnittstellen-768x431.jpg 768w\" sizes=\"auto, (max-width: 1400px) 100vw, 1400px\"><\/div>\n\t<\/div><\/figure>\n\n<\/div>\n<\/div><div class=\"bde-div-128-127 bde-div\">\n  \n  \n\t\n\n\n\n<div class=\"bde-div-128-128 bde-div\">\n  \n  \n\t\n\n\n\n<h1 class=\"bde-heading-128-129 bde-heading\" data-entrance=\"slideUp\">\nEinrichtung der Schnittstellen von Online-Shops: Etsy, Shopify, Amazon und mehr\n<\/h1><div class=\"bde-text-128-130 bde-text\" data-entrance=\"slideUp\">\nWenn Sie Unterst\u00fctzung bei der Einrichtung von Schnittstellen f\u00fcr Plattformen wie Etsy, Shopify, Amazon und vielen anderen ben\u00f6tigen, sei es mit PayJoe, Billbee oder anderen L\u00f6sungen, oder wenn Sie Ihren Online-Shop an SevDesk oder Lexoffice anbinden m\u00f6chten, sind wir hier, um Ihnen zu helfen. Zus\u00e4tzlich bieten wir schnelle L\u00f6sungen f\u00fcr die Buchhaltung, um den l\u00e4stigen Aufwand mit Etsy-Abrechnungen zu erleichtern. Z\u00f6gern Sie nicht, uns zu kontaktieren \u2013 wir unterst\u00fctzen Sie bei all Ihren Anliegen und sorgen f\u00fcr eine reibungslose Abwicklung Ihrer Buchhaltungsaufgaben.\n<\/div>\n<\/div>\n<\/div><\/div>\n<\/section><section class=\"bde-section-128-140 bde-section\">\n  \n  \n\t\n\n\n\n<div class=\"section-container\"><div class=\"bde-div-128-141 bde-div\">\n  \n  \n\t\n\n\n\n<div class=\"bde-div-128-142 bde-div\">\n  \n  \n\t\n\n\n\n<h1 class=\"bde-heading-128-143 bde-heading\" data-entrance=\"slideUp\">\nBei Fragen zu unserem Service stehen wir Ihnen gerne zur Verf\u00fcgung und beantworten diese sehr gern. \n<\/h1>\n<\/div>\n<\/div><div class=\"bde-div-128-144 bde-div\">\n  \n  \n\t\n\n\n\n<div class=\"bde-button-128-145 bde-button\" data-entrance=\"slideUp\">\n    \n                                    \n    \n    \n    \n    \n            \n                    \n            \n            \n\n    \n    \n    \n    \n    \n    <a class=\"breakdance-link button-atom button-atom--primary bde-button__button\" href=\"https:\/\/www.buchhaltung-jentzsch.de\/?page_id=120\" target=\"_self\" data-type=\"url\"  >\n\n    \n        <span class=\"button-atom__text\">Kontakt mit uns<\/span>\n\n        \n        \n                <\/a>\n\n    \n\n\n<\/div>\n<\/div><\/div>\n<\/section>","protected":false},"excerpt":{"rendered":"<p>MeineIT-Systeme Unser IT- und Software-Service f\u00fcr die beinhaltet auch die einrichtung von Software und die Konfiguration von Schnittstellen, f\u00fcr nahtlose Arbeitsabl\u00e4ufe. Angebot anfragen Erhalten Sie unsere hochwertige Software- und IT-Service Hilfe! Wenn Sie Probleme mit Ihren Office-Anwendungen haben oder Ihr Buchhaltungsprogramm nicht wie gew\u00fcnscht funktioniert, und die Einrichtung schwieriger ist als erwartet, machen Sie sich [&hellip;]<\/p>\n","protected":false},"author":2,"featured_media":0,"parent":0,"menu_order":0,"comment_status":"closed","ping_status":"closed","template":"","meta":{"_breakdance_hide_in_design_set":false,"_breakdance_tags":"","footnotes":""},"class_list":["post-128","page","type-page","status-publish","hentry"],"_links":{"self":[{"href":"https:\/\/www.buchhaltung-jentzsch.de\/index.php?rest_route=\/wp\/v2\/pages\/128","targetHints":{"allow":["GET"]}}],"collection":[{"href":"https:\/\/www.buchhaltung-jentzsch.de\/index.php?rest_route=\/wp\/v2\/pages"}],"about":[{"href":"https:\/\/www.buchhaltung-jentzsch.de\/index.php?rest_route=\/wp\/v2\/types\/page"}],"author":[{"embeddable":true,"href":"https:\/\/www.buchhaltung-jentzsch.de\/index.php?rest_route=\/wp\/v2\/users\/2"}],"replies":[{"embeddable":true,"href":"https:\/\/www.buchhaltung-jentzsch.de\/index.php?rest_route=%2Fwp%2Fv2%2Fcomments&post=128"}],"version-history":[{"count":4,"href":"https:\/\/www.buchhaltung-jentzsch.de\/index.php?rest_route=\/wp\/v2\/pages\/128\/revisions"}],"predecessor-version":[{"id":178,"href":"https:\/\/www.buchhaltung-jentzsch.de\/index.php?rest_route=\/wp\/v2\/pages\/128\/revisions\/178"}],"wp:attachment":[{"href":"https:\/\/www.buchhaltung-jentzsch.de\/index.php?rest_route=%2Fwp%2Fv2%2Fmedia&parent=128"}],"curies":[{"name":"wp","href":"https:\/\/api.w.org\/{rel}","templated":true}]}}