{"id":130,"date":"2024-03-14T14:05:16","date_gmt":"2024-03-14T14:05:16","guid":{"rendered":"https:\/\/buchhaltung-jentzsch.wh56.host-rack.com\/?page_id=130"},"modified":"2024-05-03T06:48:36","modified_gmt":"2024-05-03T06:48:36","slug":"ueber-uns","status":"publish","type":"page","link":"https:\/\/www.buchhaltung-jentzsch.de\/?page_id=130","title":{"rendered":"\u00ef\u00bf\u00bdber uns"},"content":{"rendered":"<section class=\"bde-section-130-100 bde-section\">\n  \n  \n\t\n\n\n\n<div class=\"section-container\"><div class=\"bde-div-130-101 bde-div\">\n  \n  \n\t\n\n\n\n<div class=\"bde-columns-130-102 bde-columns\"><div class=\"bde-column-130-103 bde-column\">\n  \n  \n\t\n\n\n\n<div class=\"bde-div-130-104 bde-div\">\n  \n  \n\t\n\n\n\n<h1 class=\"bde-heading-130-105 bde-heading\" data-entrance=\"slideUp\">\nIhr Partner f\u00fcr professionelle Buchhaltungs-dienstleistungen\n<\/h1>\n<\/div><div class=\"bde-div-130-106 bde-div\">\n  \n  \n\t\n\n\n\n<div class=\"bde-text-130-107 bde-text\" data-entrance=\"slideUp\">\nDas Buchhaltungsb\u00fcro Jentzsch ist spezialisiert auf hochwertige Outsourcing-Dienstleistungen f\u00fcr kleine und mittelst\u00e4ndische Unternehmen sowie Online-H\u00e4ndler. Wir bieten jedoch auch ma\u00dfgeschneiderte L\u00f6sungen f\u00fcr gro\u00dfe Unternehmen an. Unsere Expertise umfasst Finanzbuchhaltung, Controlling, Lohn- und Gehaltsabrechnung, Dokumentenmanagement sowie Auftragsbearbeitung. <br><br>Unsere Kunden sch\u00e4tzen besonders unsere Zuverl\u00e4ssigkeit, Sorgfalt, Schnelligkeit und das ausgezeichnete Preis-Leistungsverh\u00e4ltnis. Unser engagiertes und erfahrenes Team garantiert einen hohen Servicestandard und ein starkes Dienstleistungsbewusstsein. Wir verstehen uns als Teamplayer und sind Ihr zuverl\u00e4ssiger Partner im Bereich Outsourcing Rechnungswesen.\n<\/div>\n<\/div>\n<\/div><div class=\"bde-column-130-108 bde-column\">\n  \n  \n\t\n\n\n\n<div class=\"bde-div-130-109 bde-div\">\n  \n  \n\t\n\n\n\n\n<\/div>\n<\/div><\/div><div class=\"bde-div-130-110 bde-div\">\n  \n  \n\t\n\n\n\n<div class=\"bde-div-130-111 bde-div\">\n  \n  \n\t\n\n\n\n<h1 class=\"bde-heading-130-112 bde-heading\" data-entrance=\"slideUp\">\nProfessionelle Buchhaltungsservices f\u00fcr E-Commerce-Unternehmen und Startups: Unterst\u00fctzung bei der Buchf\u00fchrung f\u00fcr Etsy, Amazon, Shopify und mehr\n<\/h1>\n<\/div><div class=\"bde-div-130-113 bde-div\">\n  \n  \n\t\n\n\n\n<div class=\"bde-text-130-114 bde-text\" data-entrance=\"slideUp\">\nUnser Buchhaltungsb\u00fcro bietet umfassende Dienstleistungen f\u00fcr die Buchhaltung von Etsy, Amazon, Shopify Shops und anderen E-Commerce-Plattformen an. Wir verstehen die spezifischen Anforderungen und Herausforderungen dieser Branche und sind darauf spezialisiert, eine reibungslose und professionelle Buchhaltung f\u00fcr Online-Shops zu gew\u00e4hrleisten. Dar\u00fcber hinaus unterst\u00fctzen wir auch Startups bei ihren Buchhaltungsprozessen, um ihnen den Start in die Gesch\u00e4ftswelt zu erleichtern und sie auf ihrem Weg zum Erfolg zu begleiten. Unsere ma\u00dfgeschneiderten L\u00f6sungen und unser erfahrenes Team garantieren eine effiziente und zuverl\u00e4ssige Buchhaltung, damit Sie sich voll und ganz auf Ihr Unternehmen konzentrieren k\u00f6nnen.\n<\/div>\n<\/div>\n<\/div>\n<\/div><\/div>\n<\/section><section class=\"bde-section-130-115 bde-section\">\n  \n  \n\t\n\n\n\n<div class=\"section-container\"><div class=\"bde-div-130-116 bde-div\">\n  \n  \n\t\n\n\n\n<div class=\"bde-div-130-117 bde-div\">\n  \n  \n\t\n\n\n\n<h1 class=\"bde-heading-130-118 bde-heading\" data-entrance=\"slideUp\">\nBei Fragen zu unserem Service stehen wir Ihnen gerne zur Verf\u00fcgung und beantworten diese sehr gern. \n<\/h1>\n<\/div>\n<\/div><div class=\"bde-div-130-119 bde-div\">\n  \n  \n\t\n\n\n\n<div class=\"bde-button-130-120 bde-button\" data-entrance=\"slideUp\">\n    \n                                    \n    \n    \n    \n    \n            \n                    \n            \n            \n\n    \n    \n    \n    \n    \n    <a class=\"breakdance-link button-atom button-atom--primary bde-button__button\" href=\"https:\/\/www.buchhaltung-jentzsch.de\/?page_id=120\" target=\"_self\" data-type=\"url\"  >\n\n    \n        <span class=\"button-atom__text\">Kontakt mit uns<\/span>\n\n        \n        \n                <\/a>\n\n    \n\n\n<\/div>\n<\/div><\/div>\n<\/section>","protected":false},"excerpt":{"rendered":"<p>Ihr Partner f\u00fcr professionelle Buchhaltungs-dienstleistungen Das Buchhaltungsb\u00fcro Jentzsch ist spezialisiert auf hochwertige Outsourcing-Dienstleistungen f\u00fcr kleine und mittelst\u00e4ndische Unternehmen sowie Online-H\u00e4ndler. Wir bieten jedoch auch ma\u00dfgeschneiderte L\u00f6sungen f\u00fcr gro\u00dfe Unternehmen an. Unsere Expertise umfasst Finanzbuchhaltung, Controlling, Lohn- und Gehaltsabrechnung, Dokumentenmanagement sowie Auftragsbearbeitung. Unsere Kunden sch\u00e4tzen besonders unsere Zuverl\u00e4ssigkeit, Sorgfalt, Schnelligkeit und das ausgezeichnete Preis-Leistungsverh\u00e4ltnis. Unser engagiertes [&hellip;]<\/p>\n","protected":false},"author":2,"featured_media":0,"parent":0,"menu_order":0,"comment_status":"closed","ping_status":"closed","template":"","meta":{"_breakdance_hide_in_design_set":false,"_breakdance_tags":"","footnotes":""},"class_list":["post-130","page","type-page","status-publish","hentry"],"_links":{"self":[{"href":"https:\/\/www.buchhaltung-jentzsch.de\/index.php?rest_route=\/wp\/v2\/pages\/130","targetHints":{"allow":["GET"]}}],"collection":[{"href":"https:\/\/www.buchhaltung-jentzsch.de\/index.php?rest_route=\/wp\/v2\/pages"}],"about":[{"href":"https:\/\/www.buchhaltung-jentzsch.de\/index.php?rest_route=\/wp\/v2\/types\/page"}],"author":[{"embeddable":true,"href":"https:\/\/www.buchhaltung-jentzsch.de\/index.php?rest_route=\/wp\/v2\/users\/2"}],"replies":[{"embeddable":true,"href":"https:\/\/www.buchhaltung-jentzsch.de\/index.php?rest_route=%2Fwp%2Fv2%2Fcomments&post=130"}],"version-history":[{"count":4,"href":"https:\/\/www.buchhaltung-jentzsch.de\/index.php?rest_route=\/wp\/v2\/pages\/130\/revisions"}],"predecessor-version":[{"id":189,"href":"https:\/\/www.buchhaltung-jentzsch.de\/index.php?rest_route=\/wp\/v2\/pages\/130\/revisions\/189"}],"wp:attachment":[{"href":"https:\/\/www.buchhaltung-jentzsch.de\/index.php?rest_route=%2Fwp%2Fv2%2Fmedia&parent=130"}],"curies":[{"name":"wp","href":"https:\/\/api.w.org\/{rel}","templated":true}]}}